{"id":181,"date":"2019-03-20T15:30:28","date_gmt":"2019-03-20T06:30:28","guid":{"rendered":"http:\/\/www.awcc.uec.ac.jp\/wp\/?page_id=181"},"modified":"2019-03-20T15:37:18","modified_gmt":"2019-03-20T06:37:18","slug":"awcc-seminar","status":"publish","type":"page","link":"http:\/\/www.awcc.uec.ac.jp\/?page_id=181","title":{"rendered":"AWCC\u30bb\u30df\u30ca\u30fc"},"content":{"rendered":"\n<table id=\"tablepress-AWCCseminar\" class=\"tablepress tablepress-id-AWCCseminar\">\n<thead>\n<tr class=\"row-1\">\n\t<td class=\"column-1\" style=\"width:60px;\"><\/td><th class=\"column-2\" style=\"width:120px;\">\u65e5\u6642<\/th><th class=\"column-3\" style=\"width:160px;\">\u8b1b\u6f14\u8005<\/th><th class=\"column-4\" style=\"width:160px;\">\u30bf\u30a4\u30c8\u30eb<\/th>\n<\/tr>\n<\/thead>\n<tbody class=\"row-striping row-hover\">\n<tr class=\"row-2\">\n\t<td class=\"column-1\">\u7b2c43\u56de<\/td><td class=\"column-2\">2020\u5e7410\u670813\u65e5(\u706b)<br \/>\n13:00~15:00<\/td><td class=\"column-3\">\u4e09\u83f1\u96fb\u6a5f\uff08\u682a\uff09\u60c5\u5831\u6280\u8853\u7dcf\u5408\u7814\u7a76\u6240 \u901a\u4fe1\u6280\u8853\u90e8\u30fb\u5e73\u660e\u5fb3\u6559\u6388<br \/>\n\u5bcc\u58eb\u901a\u682a\u5f0f\u4f1a\u793e \u672a\u6765\u30cd\u30c3\u30c8\u30ef\u30fc\u30af\u7d71\u62ec\u90e8\u30fb\u95a2\u5b8f\u4e4b\u6559\u6388<br \/>\n<\/td><td class=\"column-4\">\u8b1b\u6f141\uff1a5G\u6642\u4ee3\u306e\u751f\u7523\u73fe\u5834\u3078\u306e\u7121\u7dda\u901a\u4fe1\u6280\u8853\u5fdc\u7528<br \/>\n\u8b1b\u6f142\uff1a5G\u306e\u73fe\u72b6\u3068\u4eca\u5f8c\u306e\u5c55\u958b<\/td>\n<\/tr>\n<tr class=\"row-3\">\n\t<td class=\"column-1\">\u7b2c42\u56de<\/td><td class=\"column-2\">2019\u5e7411\u670818\u65e5\uff08\u6708\uff0910:00 ~ 12:00<\/td><td class=\"column-3\">Dr. Jos\u00e9-V\u00edctor Rodr\u00edguez, Associate Professor. Department of Information and Communications Technologies, Universidad Polit\u00e9cnica de Cartagena, Spain<\/td><td class=\"column-4\">Radiowave Propagation in Urban Environments<\/td>\n<\/tr>\n<tr class=\"row-4\">\n\t<td class=\"column-1\">\u7b2c41\u56de<\/td><td class=\"column-2\">2019\u5e747\u670829\u65e5\uff08\u6708\uff0914:00 - 15:30<\/td><td class=\"column-3\">Dr. Yingjun Angela Zhang, Associate Professor, Department of Information Engineering, The Chinese University of Hong Kong<\/td><td class=\"column-4\">Wireless powered edge computing<\/td>\n<\/tr>\n<tr class=\"row-5\">\n\t<td class=\"column-1\">\u7b2c40\u56de<\/td><td class=\"column-2\">2019\u5e745\u670828\u65e5\uff08\u706b\uff0910:40 ~ 12:00<\/td><td class=\"column-3\">Dr. Jingxian Wu, Associate Professor, Department of Electrical Engineering, University of Arkansas, USA<\/td><td class=\"column-4\">Optimum designs of Wireless Networks with Massively Distributed Antennas and Non-ideal Optical Front-hauls<\/td>\n<\/tr>\n<tr class=\"row-6\">\n\t<td class=\"column-1\">\u7b2c39\u56de<\/td><td class=\"column-2\">2019\u5e745\u670817\u65e5\uff08\u91d1\uff09<br \/>\n14:00\u301c15:00<\/td><td class=\"column-3\">Mohamed-Slim Alouini, Professor, Computer, Electrical, and Mathematical Science and Engineering (CEMSE) Division, King Abdullah University of Science and Technology (KAUST), Thuwal, Makkah Province, Saudi Arabia.<\/td><td class=\"column-4\">Collimated light propagation: The next frontier in underwater wireless communication<\/td>\n<\/tr>\n<tr class=\"row-7\">\n\t<td class=\"column-1\">\u7b2c38\u56de<\/td><td class=\"column-2\">2019\u5e743\u670819\u65e5\uff08\u706b\uff09<br \/>\n10:00\u301c12:00<\/td><td class=\"column-3\">\u96fb\u6c17\u901a\u4fe1\u5927\u5b66\u60c5\u5831\u7406\u5de5\u5b66\u7814\u7a76\u79d1\u30fb\u7b56\u529b\u6728\u683c\u51c6\u6559\u6388<br \/>\n\u96fb\u6c17\u901a\u4fe1\u5927\u5b66\u5148\u7aef\u30ef\u30a4\u30e4\u30ec\u30b9\u30fb\u30b3\u30df\u30e5\u30cb\u30b1\u30fc\u30b7\u30e7\u30f3\u7814\u7a76\u30bb\u30f3\u30bf\u30fc\u30fb\u85e4\u4e95\u5a01\u751f\u6559\u6388<\/td><td class=\"column-4\">\u8b1b\u6f14\uff11\uff1a\u8a08\u7b97\u77e5\u80fd\u3068\u8eca\u4e21\u30cd\u30c3\u30c8\u30ef\u30fc\u30af\uff08\u96fb\u6c17\u901a\u4fe1\u5927\u5b66\u3000\u7b56\u529b\u6728\u683c\uff09<br \/>\n\u8b1b\u6f14\uff12\uff1a\u8eca\u4e21\u30cd\u30c3\u30c8\u30ef\u30fc\u30af\u5411\u3051\u30b9\u30de\u30fc\u30c8\u30b9\u30da\u30af\u30c8\u30e9\u30e0\uff08\u96fb\u6c17\u901a\u4fe1\u5927\u5b66\u3000\u85e4\u4e95\u5a01\u751f\uff09<\/td>\n<\/tr>\n<tr class=\"row-8\">\n\t<td class=\"column-1\">\u7b2c37\u56de<\/td><td class=\"column-2\">2019\u5e743\u670814\u65e5\uff08\u6728\uff0913:30~15:00<\/td><td class=\"column-3\">Dr. Anwer Al-Dulaimi, EXFO, Canada<\/td><td class=\"column-4\">User-centric Slicing of 5G Networks<\/td>\n<\/tr>\n<tr class=\"row-9\">\n\t<td class=\"column-1\">\u7b2c36\u56de<\/td><td class=\"column-2\">2019\u5e741\u67084\u65e5\uff08\u91d1\uff0913:00~14:30<\/td><td class=\"column-3\">Jinhong Yuan, Professor, University of New South Wales, Sydney, Australia<\/td><td class=\"column-4\">Random Access for Machine-type Communications<\/td>\n<\/tr>\n<tr class=\"row-10\">\n\t<td class=\"column-1\">\u7b2c35\u56de<\/td><td class=\"column-2\">2018\u5e7411\u670828\u65e5\uff08\u6c34\uff0910:00~11:30<\/td><td class=\"column-3\">Tony Q.S. Quek, Associate Professor and Acting Head of ISTD Pillar, Singapore University of Technology and Design<\/td><td class=\"column-4\">AI: A Networking and Communication Perspective<\/td>\n<\/tr>\n<tr class=\"row-11\">\n\t<td class=\"column-1\">\u7b2c34\u56de<\/td><td class=\"column-2\">2018\u5e746\u670815\u65e5\uff08\u91d1\uff0911:00\uff5e12:00<\/td><td class=\"column-3\">Dr. Hikmet Sari, Nanjing University of Posts and Telecommunications, and Sequans Communications<\/td><td class=\"column-4\">Multiple Access for 5G ? A New Look on NOMA<\/td>\n<\/tr>\n<tr class=\"row-12\">\n\t<td class=\"column-1\">\u7b2c33\u56de<\/td><td class=\"column-2\">2018\u5e745\u670828\u65e5\uff08\u6708\uff0915:00\uff5e16:00<\/td><td class=\"column-3\">Prof. Patrick Roblin, The Ohio State University, OH<\/td><td class=\"column-4\">Accelerated Design of Power amplifiers using an Embedding Device Model<\/td>\n<\/tr>\n<tr class=\"row-13\">\n\t<td class=\"column-1\">\u7b2c32\u56de<\/td><td class=\"column-2\">2018\u5e743\u670826\uff08\u6708\uff09\u300013:30~14:30<\/td><td class=\"column-3\">\u66fd\u6839\u5ca1 \u662d\u76f4\uff08\u305d\u306d\u304a\u304b \u3066\u308b\u306a\u304a\uff09\u6c0f<\/td><td class=\"column-4\">\uff2c\uff30\uff37\uff21\uff08\u4e3b\u306bLoRaWAN)\u3068\u305d\u306e\u9069\u7528<\/td>\n<\/tr>\n<tr class=\"row-14\">\n\t<td class=\"column-1\">\u7b2c31\u56de<\/td><td class=\"column-2\">2017\u5e7412\u670813\u65e5\uff08\u6c34\uff0911:00\uff5e12:30<\/td><td class=\"column-3\">Prof. Dusit Niyato, Nanyang Technological University (NTU), Singapore<\/td><td class=\"column-4\">Ambient Backscatter Assisted Wireless Powered Communications<br \/>\n<\/td>\n<\/tr>\n<tr class=\"row-15\">\n\t<td class=\"column-1\">\u7b2c30\u56de<\/td><td class=\"column-2\">2017\u5e7411\u67087\u65e5\uff08\u706b\uff0910\u6642\uff5e11\u6642<\/td><td class=\"column-3\">Prof. Seong-Lyun Kim (Yonsei University, Seoul, Korea)<\/td><td class=\"column-4\">Random MAC and Opportunity Detection in Dynamic Spectrum Access<\/td>\n<\/tr>\n<tr class=\"row-16\">\n\t<td class=\"column-1\">\u7b2c29\u56de<\/td><td class=\"column-2\">2017\u5e749\u670822\u65e5\uff08\u91d1\uff0914:30\uff5e16:10<\/td><td class=\"column-3\">Prof. Vitaly Kreyndelin\u3001Prof. Oleg Sheluhin\u3001Mr. Alexey Smirnov<\/td><td class=\"column-4\"><\/td>\n<\/tr>\n<tr class=\"row-17\">\n\t<td class=\"column-1\">\u7b2c28\u56de<\/td><td class=\"column-2\">2017\u5e749\u67085\u65e5\uff08\u706b\uff0913:30~14:30<\/td><td class=\"column-3\">Dr. Himal A. Suraweera, University of Peradeniya, Sri Lanka<\/td><td class=\"column-4\">Full-Duplex Wireless Communication Systems: From Theory to Practice<\/td>\n<\/tr>\n<tr class=\"row-18\">\n\t<td class=\"column-1\">\u7b2c27\u56de<\/td><td class=\"column-2\">2017\u5e748\u670821\u65e5\uff08\u6708\uff0916:00~17:30<\/td><td class=\"column-3\">Dr. Sumei Sun, Institute for Infocomm Research (I2R), A*STAR, Singapore<\/td><td class=\"column-4\">Industrial Internet of Things<\/td>\n<\/tr>\n<tr class=\"row-19\">\n\t<td class=\"column-1\">\u7b2c26\u56de<\/td><td class=\"column-2\">2017\u5e748\u67081\u65e5\uff08\u706b\uff0910:00~11:30<\/td><td class=\"column-3\">Dr. Marco Di Renzo, Paris-Saclay University, Signals &amp; Systems Lab., France<\/td><td class=\"column-4\">On System-Level Analysis &amp; Design of Cellular Networks: The Magic of Stochastic Geometry<\/td>\n<\/tr>\n<tr class=\"row-20\">\n\t<td class=\"column-1\">\u7b2c25\u56de<\/td><td class=\"column-2\">2017\u5e745\u670812\u65e5\uff08\u91d1\uff0914:00 - 15:00<\/td><td class=\"column-3\">\u6749\u6d66\u614e\u54c9\u5148\u751f\uff08\u6771\u4eac\u8fb2\u5de5\u5927\uff09<\/td><td class=\"column-4\">\u6642\u9593\u30fb\u7a7a\u9593\u30fb\u5468\u6ce2\u6570\u9818\u57df\u30a4\u30f3\u30c7\u30c3\u30af\u30b9\u5909\u8abf\u306e\u57fa\u790e\u3068\u52d5\u5411<\/td>\n<\/tr>\n<tr class=\"row-21\">\n\t<td class=\"column-1\">\u7b2c24\u56de<\/td><td class=\"column-2\">2017\u5e743\u670827\u65e5\uff08\u6708\uff0916:30~17:30<\/td><td class=\"column-3\">\u672c\u57ce\u548c\u5f66\u5148\u751f\uff08\u60c5\u5831\u30fb\u30cd\u30c3\u30c8\u30ef\u30fc\u30af\u5de5\u5b66\u5c02\u653b\uff09<\/td><td class=\"column-4\">\u30de\u30a4\u30af\u30ed\u6ce2\u534a\u5c0e\u4f53\u56de\u8def\u306e\u7814\u7a76<br \/>\n\u3000\u3000\u3000\u3000\u3000\u3000\u2015 \u767a\u60f3\u306e\u539f\u70b9\u3068\u5c55\u958b \u2015<\/td>\n<\/tr>\n<tr class=\"row-22\">\n\t<td class=\"column-1\">\u7b2c23\u56de<\/td><td class=\"column-2\">2017\u5e743\u670814\u65e5\uff08\u706b\uff0913:30~15:30<\/td><td class=\"column-3\">\u8b1b\u6f14\u8005\uff11\uff1a\u5409\u7530\u5065\u6cbb\u5148\u751f\uff08\u96fb\u6c17\u901a\u4fe1\u5927\u5b66\u5ba2\u54e1\u6559\u6388\u30fb\u30b0\u30ea\u30c3\u30c9\u30de\u30fc\u30af\uff08\u682a\uff09\u4ee3\u8868\u53d6\u7de0\u5f79,\uff08\u682a\uff09\u30a4\u30f3\u30bf\u30fc\u30e1\u30c7\u30a3\u30a2\u7814\u7a76\u6240 \u4ee3\u8868\u53d6\u7de0\u5f79\uff09<br \/>\n\u8b1b\u6f14\u8005\uff12\uff1a\u77f3\u5ddd\u4eae\u5148\u751f\uff08\u96fb\u6c17\u901a\u4fe1\u5927\u5b66\uff09<\/td><td class=\"column-4\">\u8b1b\u6f14\uff11\uff1aIT\u4f01\u696d\u306e\u8d77\u696d\u6d3b\u52d5\u53ca\u3073\u2019\u898b\u3048\u306a\u3044\u30c9\u30c3\u30c8\u30b3\u30fc\u30c9\u2019\u306e\u767a\u660e\u3068\u77e5\u8ca1\u6226\u7565<br \/>\n\u8b1b\u6f14\uff12\uff1a\u30de\u30a4\u30af\u30ed\u6ce2\u96fb\u529b\u5897\u5e45\u5668\u306e\u9ad8\u52b9\u7387\u5316\u57fa\u790e\u539f\u7406\u304a\u3088\u3073\u5fdc\u7528<\/td>\n<\/tr>\n<tr class=\"row-23\">\n\t<td class=\"column-1\">\u7b2c22\u56de<\/td><td class=\"column-2\">2017\u5e742\u670822\u65e5\uff08\u6c34\uff0916:00~17:30pm<\/td><td class=\"column-3\">Prof. Zhisheng Niu, IEEE Fellow &amp; IEICE Fellow\uff08\u4e2d\u56fd\u6e05\u83ef\u5927\u5b66\uff09<\/td><td class=\"column-4\">Energy Informatics for Smart Interaction of Energy and Information (Einstein)<\/td>\n<\/tr>\n<tr class=\"row-24\">\n\t<td class=\"column-1\">\u7b2c21\u56de<\/td><td class=\"column-2\"><\/td><td class=\"column-3\"><\/td><td class=\"column-4\"><\/td>\n<\/tr>\n<\/tbody>\n<\/table>\n<!-- #tablepress-AWCCseminar from cache -->\n","protected":false},"excerpt":{"rendered":"","protected":false},"author":1,"featured_media":0,"parent":0,"menu_order":0,"comment_status":"closed","ping_status":"closed","template":"","meta":{"footnotes":""},"class_list":["post-181","page","type-page","status-publish","hentry"],"_links":{"self":[{"href":"http:\/\/www.awcc.uec.ac.jp\/index.php?rest_route=\/wp\/v2\/pages\/181","targetHints":{"allow":["GET"]}}],"collection":[{"href":"http:\/\/www.awcc.uec.ac.jp\/index.php?rest_route=\/wp\/v2\/pages"}],"about":[{"href":"http:\/\/www.awcc.uec.ac.jp\/index.php?rest_route=\/wp\/v2\/types\/page"}],"author":[{"embeddable":true,"href":"http:\/\/www.awcc.uec.ac.jp\/index.php?rest_route=\/wp\/v2\/users\/1"}],"replies":[{"embeddable":true,"href":"http:\/\/www.awcc.uec.ac.jp\/index.php?rest_route=%2Fwp%2Fv2%2Fcomments&post=181"}],"version-history":[{"count":5,"href":"http:\/\/www.awcc.uec.ac.jp\/index.php?rest_route=\/wp\/v2\/pages\/181\/revisions"}],"predecessor-version":[{"id":188,"href":"http:\/\/www.awcc.uec.ac.jp\/index.php?rest_route=\/wp\/v2\/pages\/181\/revisions\/188"}],"wp:attachment":[{"href":"http:\/\/www.awcc.uec.ac.jp\/index.php?rest_route=%2Fwp%2Fv2%2Fmedia&parent=181"}],"curies":[{"name":"wp","href":"https:\/\/api.w.org\/{rel}","templated":true}]}}